{"id":4406,"date":"2025-10-28T10:41:15","date_gmt":"2025-10-28T10:41:15","guid":{"rendered":"https:\/\/akquaaarestaurante.com\/menus-nadal\/"},"modified":"2025-10-29T08:54:00","modified_gmt":"2025-10-29T08:54:00","slug":"menus-nadal","status":"publish","type":"page","link":"https:\/\/akquaaarestaurante.com\/ca\/menus-nadal\/","title":{"rendered":"Men\u00fas nadal"},"content":{"rendered":"\t\t<div data-elementor-type=\"wp-page\" data-elementor-id=\"4406\" class=\"elementor elementor-4406 elementor-4119\" data-elementor-post-type=\"page\">\n\t\t\t\t\t\t<section class=\"elementor-section elementor-top-section elementor-element elementor-element-5d05a522 elementor-section-full_width elementor-section-height-default elementor-section-height-default\" data-id=\"5d05a522\" data-element_type=\"section\" data-e-type=\"section\" data-settings=\"{&quot;background_background&quot;:&quot;classic&quot;,&quot;background_motion_fx_motion_fx_scrolling&quot;:&quot;yes&quot;,&quot;background_motion_fx_translateY_effect&quot;:&quot;yes&quot;,&quot;background_motion_fx_translateY_speed&quot;:{&quot;unit&quot;:&quot;px&quot;,&quot;size&quot;:4,&quot;sizes&quot;:[]},&quot;background_motion_fx_translateY_affectedRange&quot;:{&quot;unit&quot;:&quot;%&quot;,&quot;size&quot;:&quot;&quot;,&quot;sizes&quot;:{&quot;start&quot;:0,&quot;end&quot;:100}},&quot;background_motion_fx_devices&quot;:[&quot;widescreen&quot;,&quot;desktop&quot;,&quot;laptop&quot;,&quot;tablet_extra&quot;,&quot;tablet&quot;,&quot;mobile_extra&quot;,&quot;mobile&quot;]}\">\n\t\t\t\t\t\t\t<div class=\"elementor-background-overlay\"><\/div>\n\t\t\t\t\t\t\t<div class=\"elementor-container elementor-column-gap-no\">\n\t\t\t\t\t<div class=\"elementor-column elementor-col-100 elementor-top-column elementor-element elementor-element-3e55c8a\" data-id=\"3e55c8a\" data-element_type=\"column\" data-e-type=\"column\">\n\t\t\t<div class=\"elementor-widget-wrap elementor-element-populated\">\n\t\t\t\t\t\t<div class=\"elementor-element elementor-element-2e58ecaf elementor-widget elementor-widget-spacer\" data-id=\"2e58ecaf\" data-element_type=\"widget\" data-e-type=\"widget\" data-widget_type=\"spacer.default\">\n\t\t\t\t\t\t\t<div class=\"elementor-spacer\">\n\t\t\t<div class=\"elementor-spacer-inner\"><\/div>\n\t\t<\/div>\n\t\t\t\t\t\t<\/div>\n\t\t\t\t<div class=\"elementor-element elementor-element-42b261e2 elementor-widget elementor-widget-heading\" data-id=\"42b261e2\" data-element_type=\"widget\" data-e-type=\"widget\" data-widget_type=\"heading.default\">\n\t\t\t\t\t<h2 class=\"elementor-heading-title elementor-size-default\">MEN\u00da NADAL<\/h2>\t\t\t\t<\/div>\n\t\t\t\t<div class=\"elementor-element elementor-element-5aaa073d elementor-widget elementor-widget-spacer\" data-id=\"5aaa073d\" data-element_type=\"widget\" data-e-type=\"widget\" data-widget_type=\"spacer.default\">\n\t\t\t\t\t\t\t<div class=\"elementor-spacer\">\n\t\t\t<div class=\"elementor-spacer-inner\"><\/div>\n\t\t<\/div>\n\t\t\t\t\t\t<\/div>\n\t\t\t\t\t<\/div>\n\t\t<\/div>\n\t\t\t\t\t<\/div>\n\t\t<\/section>\n\t\t\t\t<section class=\"elementor-section elementor-top-section elementor-element elementor-element-1f7bd5fd elementor-section-full_width elementor-section-height-default elementor-section-height-default\" data-id=\"1f7bd5fd\" data-element_type=\"section\" data-e-type=\"section\" data-settings=\"{&quot;background_background&quot;:&quot;classic&quot;}\">\n\t\t\t\t\t\t\t<div class=\"elementor-background-overlay\"><\/div>\n\t\t\t\t\t\t\t<div class=\"elementor-container elementor-column-gap-default\">\n\t\t\t\t\t<div class=\"elementor-column elementor-col-100 elementor-top-column elementor-element elementor-element-23d70611\" data-id=\"23d70611\" data-element_type=\"column\" data-e-type=\"column\">\n\t\t\t<div class=\"elementor-widget-wrap elementor-element-populated\">\n\t\t\t\t\t\t<div class=\"elementor-element elementor-element-357cdccd elementor-widget elementor-widget-spacer\" data-id=\"357cdccd\" data-element_type=\"widget\" data-e-type=\"widget\" data-widget_type=\"spacer.default\">\n\t\t\t\t\t\t\t<div class=\"elementor-spacer\">\n\t\t\t<div class=\"elementor-spacer-inner\"><\/div>\n\t\t<\/div>\n\t\t\t\t\t\t<\/div>\n\t\t<div class=\"elementor-element elementor-element-580b2f9c e-grid e-con-boxed e-con e-parent\" data-id=\"580b2f9c\" data-element_type=\"container\" data-e-type=\"container\">\n\t\t\t\t\t<div class=\"e-con-inner\">\n\t\t<div class=\"elementor-element elementor-element-4a0a522c e-con-full e-flex e-con e-child\" data-id=\"4a0a522c\" data-element_type=\"container\" data-e-type=\"container\" data-settings=\"{&quot;background_background&quot;:&quot;classic&quot;}\">\n\t\t\t\t<div class=\"elementor-element elementor-element-43a2a74b elementor-widget elementor-widget-image\" data-id=\"43a2a74b\" data-element_type=\"widget\" data-e-type=\"widget\" data-widget_type=\"image.default\">\n\t\t\t\t\t\t\t\t\t\t\t\t\t\t\t\t<a href=\"https:\/\/akquaaarestaurante.com\/wp-content\/uploads\/2025\/10\/NUEVO_CAT_MENU_NAVIDAD_ESTEBAN.pdf\" target=\"_blank\">\n\t\t\t\t\t\t\t<img fetchpriority=\"high\" decoding=\"async\" width=\"724\" height=\"1024\" src=\"https:\/\/akquaaarestaurante.com\/wp-content\/uploads\/2025\/10\/AAFF_ESP_MENU_NAVIDAD_ESTEBAN_Pagina_1-724x1024.jpg\" class=\"attachment-large size-large wp-image-4404\" alt=\"\" srcset=\"https:\/\/akquaaarestaurante.com\/wp-content\/uploads\/2025\/10\/AAFF_ESP_MENU_NAVIDAD_ESTEBAN_Pagina_1-724x1024.jpg 724w, https:\/\/akquaaarestaurante.com\/wp-content\/uploads\/2025\/10\/AAFF_ESP_MENU_NAVIDAD_ESTEBAN_Pagina_1-212x300.jpg 212w, https:\/\/akquaaarestaurante.com\/wp-content\/uploads\/2025\/10\/AAFF_ESP_MENU_NAVIDAD_ESTEBAN_Pagina_1-768x1086.jpg 768w, https:\/\/akquaaarestaurante.com\/wp-content\/uploads\/2025\/10\/AAFF_ESP_MENU_NAVIDAD_ESTEBAN_Pagina_1-1086x1536.jpg 1086w, https:\/\/akquaaarestaurante.com\/wp-content\/uploads\/2025\/10\/AAFF_ESP_MENU_NAVIDAD_ESTEBAN_Pagina_1-1448x2048.jpg 1448w, https:\/\/akquaaarestaurante.com\/wp-content\/uploads\/2025\/10\/AAFF_ESP_MENU_NAVIDAD_ESTEBAN_Pagina_1.jpg 1654w\" sizes=\"(max-width: 724px) 100vw, 724px\" \/>\t\t\t\t\t\t\t\t<\/a>\n\t\t\t\t\t\t\t\t\t\t\t\t\t\t\t<\/div>\n\t\t\t\t<div class=\"elementor-element elementor-element-35f17fd elementor-widget elementor-widget-heading\" data-id=\"35f17fd\" data-element_type=\"widget\" data-e-type=\"widget\" data-widget_type=\"heading.default\">\n\t\t\t\t\t<h2 class=\"elementor-heading-title elementor-size-default\">MEN\u00da NADAL I SANT ESTEVE<\/h2>\t\t\t\t<\/div>\n\t\t\t\t<div class=\"elementor-element elementor-element-1570a968 elementor-align-center elementor-widget elementor-widget-button\" data-id=\"1570a968\" data-element_type=\"widget\" data-e-type=\"widget\" data-widget_type=\"button.default\">\n\t\t\t\t\t\t\t\t\t\t<a class=\"elementor-button elementor-button-link elementor-size-sm\" href=\"https:\/\/akquaaarestaurante.com\/wp-content\/uploads\/2025\/10\/NUEVO_CAT_MENU_NAVIDAD_ESTEBAN.pdf\" target=\"_blank\">\n\t\t\t\t\t\t<span class=\"elementor-button-content-wrapper\">\n\t\t\t\t\t\t\t\t\t<span class=\"elementor-button-text\">VEURE<\/span>\n\t\t\t\t\t<\/span>\n\t\t\t\t\t<\/a>\n\t\t\t\t\t\t\t\t<\/div>\n\t\t\t\t<div class=\"elementor-element elementor-element-631d5522 elementor-widget elementor-widget-spacer\" data-id=\"631d5522\" data-element_type=\"widget\" data-e-type=\"widget\" data-widget_type=\"spacer.default\">\n\t\t\t\t\t\t\t<div class=\"elementor-spacer\">\n\t\t\t<div class=\"elementor-spacer-inner\"><\/div>\n\t\t<\/div>\n\t\t\t\t\t\t<\/div>\n\t\t\t\t<\/div>\n\t\t<div class=\"elementor-element elementor-element-128ee6ce e-con-full e-flex e-con e-child\" data-id=\"128ee6ce\" data-element_type=\"container\" data-e-type=\"container\" data-settings=\"{&quot;background_background&quot;:&quot;classic&quot;}\">\n\t\t\t\t<div class=\"elementor-element elementor-element-75d8c1c6 elementor-widget elementor-widget-image\" data-id=\"75d8c1c6\" data-element_type=\"widget\" data-e-type=\"widget\" data-widget_type=\"image.default\">\n\t\t\t\t\t\t\t\t\t\t\t\t\t\t\t\t<a href=\"https:\/\/akquaaarestaurante.com\/wp-content\/uploads\/2025\/10\/0AAFF_ESP_MENU_FINDEANO.pdf\" target=\"_blank\">\n\t\t\t\t\t\t\t<img decoding=\"async\" width=\"724\" height=\"1024\" src=\"https:\/\/akquaaarestaurante.com\/wp-content\/uploads\/2025\/10\/0AAFF_ESP_MENU_FINDEANO__Pagina_1-724x1024.jpg\" class=\"attachment-large size-large wp-image-4405\" alt=\"\" srcset=\"https:\/\/akquaaarestaurante.com\/wp-content\/uploads\/2025\/10\/0AAFF_ESP_MENU_FINDEANO__Pagina_1-724x1024.jpg 724w, https:\/\/akquaaarestaurante.com\/wp-content\/uploads\/2025\/10\/0AAFF_ESP_MENU_FINDEANO__Pagina_1-212x300.jpg 212w, https:\/\/akquaaarestaurante.com\/wp-content\/uploads\/2025\/10\/0AAFF_ESP_MENU_FINDEANO__Pagina_1-768x1086.jpg 768w, https:\/\/akquaaarestaurante.com\/wp-content\/uploads\/2025\/10\/0AAFF_ESP_MENU_FINDEANO__Pagina_1-1086x1536.jpg 1086w, https:\/\/akquaaarestaurante.com\/wp-content\/uploads\/2025\/10\/0AAFF_ESP_MENU_FINDEANO__Pagina_1-1448x2048.jpg 1448w, https:\/\/akquaaarestaurante.com\/wp-content\/uploads\/2025\/10\/0AAFF_ESP_MENU_FINDEANO__Pagina_1.jpg 1654w\" sizes=\"(max-width: 724px) 100vw, 724px\" \/>\t\t\t\t\t\t\t\t<\/a>\n\t\t\t\t\t\t\t\t\t\t\t\t\t\t\t<\/div>\n\t\t\t\t<div class=\"elementor-element elementor-element-47a310bc elementor-widget elementor-widget-heading\" data-id=\"47a310bc\" data-element_type=\"widget\" data-e-type=\"widget\" data-widget_type=\"heading.default\">\n\t\t\t\t\t<h2 class=\"elementor-heading-title elementor-size-default\">MEN\u00da CAP D'ANY<\/h2>\t\t\t\t<\/div>\n\t\t\t\t<div class=\"elementor-element elementor-element-449e3e elementor-align-center elementor-widget elementor-widget-button\" data-id=\"449e3e\" data-element_type=\"widget\" data-e-type=\"widget\" data-widget_type=\"button.default\">\n\t\t\t\t\t\t\t\t\t\t<a class=\"elementor-button elementor-button-link elementor-size-sm\" href=\"https:\/\/akquaaarestaurante.com\/wp-content\/uploads\/2025\/10\/0AAFF_ESP_MENU_FINDEANO.pdf\" target=\"_blank\">\n\t\t\t\t\t\t<span class=\"elementor-button-content-wrapper\">\n\t\t\t\t\t\t\t\t\t<span class=\"elementor-button-text\">VEURE<\/span>\n\t\t\t\t\t<\/span>\n\t\t\t\t\t<\/a>\n\t\t\t\t\t\t\t\t<\/div>\n\t\t\t\t<div class=\"elementor-element elementor-element-5e3049a2 elementor-widget elementor-widget-spacer\" data-id=\"5e3049a2\" data-element_type=\"widget\" data-e-type=\"widget\" data-widget_type=\"spacer.default\">\n\t\t\t\t\t\t\t<div class=\"elementor-spacer\">\n\t\t\t<div class=\"elementor-spacer-inner\"><\/div>\n\t\t<\/div>\n\t\t\t\t\t\t<\/div>\n\t\t\t\t<\/div>\n\t\t\t\t\t<\/div>\n\t\t\t\t<\/div>\n\t\t\t\t\t<\/div>\n\t\t<\/div>\n\t\t\t\t\t<\/div>\n\t\t<\/section>\n\t\t\t\t<\/div>\n\t\t","protected":false},"excerpt":{"rendered":"<p>MEN\u00da NADAL MEN\u00da NADAL I SANT ESTEVE VEURE MEN\u00da CAP D&#8217;ANY VEURE<\/p>\n","protected":false},"author":1,"featured_media":0,"parent":0,"menu_order":0,"comment_status":"closed","ping_status":"closed","template":"elementor_header_footer","meta":{"footnotes":""},"class_list":["post-4406","page","type-page","status-publish","hentry"],"_links":{"self":[{"href":"https:\/\/akquaaarestaurante.com\/ca\/wp-json\/wp\/v2\/pages\/4406","targetHints":{"allow":["GET"]}}],"collection":[{"href":"https:\/\/akquaaarestaurante.com\/ca\/wp-json\/wp\/v2\/pages"}],"about":[{"href":"https:\/\/akquaaarestaurante.com\/ca\/wp-json\/wp\/v2\/types\/page"}],"author":[{"embeddable":true,"href":"https:\/\/akquaaarestaurante.com\/ca\/wp-json\/wp\/v2\/users\/1"}],"replies":[{"embeddable":true,"href":"https:\/\/akquaaarestaurante.com\/ca\/wp-json\/wp\/v2\/comments?post=4406"}],"version-history":[{"count":4,"href":"https:\/\/akquaaarestaurante.com\/ca\/wp-json\/wp\/v2\/pages\/4406\/revisions"}],"predecessor-version":[{"id":4470,"href":"https:\/\/akquaaarestaurante.com\/ca\/wp-json\/wp\/v2\/pages\/4406\/revisions\/4470"}],"wp:attachment":[{"href":"https:\/\/akquaaarestaurante.com\/ca\/wp-json\/wp\/v2\/media?parent=4406"}],"curies":[{"name":"wp","href":"https:\/\/api.w.org\/{rel}","templated":true}]}}